{"id":67,"date":"2021-03-07T14:22:59","date_gmt":"2021-03-07T14:22:59","guid":{"rendered":"https:\/\/akupunktur-tierarzt-dresden.de\/?page_id=67"},"modified":"2021-03-22T11:40:38","modified_gmt":"2021-03-22T11:40:38","slug":"impressum","status":"publish","type":"page","link":"https:\/\/akupunktur-tierarzt-dresden.de\/index.php\/impressum\/","title":{"rendered":"Impressum"},"content":{"rendered":"<p>Mobile Tierarztpraxis Modrakowski<\/p>\n<p>Denise Modrakowski<\/p>\n<p>Elbeweg 6<\/p>\n<p>01326 Dresden<\/p>\n<p><strong>Kontakt<\/strong><\/p>\n<p>Telefon:0176\/24706861<\/p>\n<p>E-Mail: kontakt@tierarztpraxis-modrakowski.de<\/p>\n<p><strong>Umsatzsteuer-ID<\/strong><\/p>\n<p>202\/250\/00736<\/p>\n<p><strong>Inhaber<\/strong><br \/>\nDenise Modrakowski<\/p>\n<p><strong>Kammerzugeh\u00f6rigkeit<\/strong><br \/>\nS\u00e4chsische Landestier\u00e4rztekammer<\/p>\n<p>Sch\u00fctzenh\u00f6he 16<\/p>\n<p>01099 Dresden<\/p>\n<p><strong>Aufsichtsbeh\u00f6rde<\/strong><\/p>\n<p>[bitte kassen\u00e4rztliche Vereinigung eintragen]<\/p>\n<p><strong>Gesetzliche Berufsbezeichnung<\/strong><br \/>\nTierarzt<\/p>\n<p><strong>Staat der Verleihung der Berufsbezeichnung<\/strong><br \/>\nBundesrepublik Deutschland<\/p>\n<p><strong>Berufsrechtliche Regelung<\/strong><\/p>\n<p>Berufsordnung f\u00fcr \u00c4rzte, zu finden auf <a href=\"http:\/\/www.bundestieraerztekammer.de\/\" target=\"_blank\" rel=\"noopener\">www.bundestieraerztekammer.de<\/a><\/p>\n<p>&nbsp;<\/p>\n<p><b>Erkl\u00e4rung zum Datenschutz<\/b><\/p>\n<p>Die Nutzung unserer Seite ist ohne eine Angabe von personenbezogenen Daten m\u00f6glich. F\u00fcr die Nutzung einzelner Services unserer Seite k\u00f6nnen sich hierf\u00fcr abweichende Regelungen ergeben, die in diesem Falle nachstehend gesondert erl\u00e4utert werden. Ihre personenbezogenen Daten (z.B. Name, Anschrift, E-Mail, Telefonnummer, u.\u00e4.) werden von uns nur gem\u00e4\u00df den Bestimmungen des deutschen Datenschutzrechts verarbeitet. Daten sind dann personenbezogen, wenn sie eindeutig einer bestimmten nat\u00fcrlichen Person zugeordnet werden k\u00f6nnen. Die rechtlichen Grundlagen des Datenschutzes finden Sie im Bundesdatenschutzgesetz (BDSG) und dem Telemediengesetz (TMG). Nachstehende Regelungen informieren Sie insoweit \u00fcber die Art, den Umfang und Zweck der Erhebung, die Nutzung und die Verarbeitung von personenbezogenen Daten durch den Anbieter<\/p>\n<p>Denise Modrakowski, Elbeweg 6, 01326 Dresden<\/p>\n<p>Wir weisen darauf hin, dass die internetbasierte Daten\u00fcbertragung Sicherheitsl\u00fccken aufweist, ein l\u00fcckenloser Schutz vor Zugriffen durch Dritte somit unm\u00f6glich ist.<\/p>\n<h4>Cookies<\/h4>\n<p>Wir verwenden auf unserer Seite sog. Cookies zum Wiedererkennen mehrfacher Nutzung unseres Angebots, durch denselben Nutzer\/Internetanschlussinhaber. Cookies sind kleine Textdateien, die Ihr Internet-Browser auf Ihrem Rechner ablegt und speichert. Sie dienen dazu, unseren Internetauftritt und unsere Angebote zu optimieren. Es handelt sich dabei zumeist um sog. &#8222;Session-Cookies&#8220;, die nach dem Ende Ihres Besuches wieder gel\u00f6scht werden.<br \/>\nTeilweise geben diese Cookies jedoch Informationen ab, um Sie automatisch wieder zu erkennen. Diese Wiedererkennung erfolgt aufgrund der in den Cookies gespeicherten IP-Adresse. Die so erlangten Informationen dienen dazu, unsere Angebote zu optimieren und Ihnen einen leichteren Zugang auf unsere Seite zu erm\u00f6glichen.<br \/>\nSie k\u00f6nnen die Installation der Cookies durch eine entsprechende Einstellung Ihres Browsers verhindern; wir weisen Sie jedoch darauf hin, dass Sie in diesem Fall gegebenenfalls nicht s\u00e4mtliche Funktionen unserer Website vollumf\u00e4nglich nutzen k\u00f6nnen.<\/p>\n<h4>Serverdaten<\/h4>\n<p>Aus technischen Gr\u00fcnden werden u.a. folgende Daten, die Ihr Internet-Browser an uns bzw. an unseren Webspace-Provider \u00fcbermittelt, erfasst (sogenannte Serverlogfiles):<br \/>\n&#8211; Browsertyp und -version<br \/>\n&#8211; verwendetes Betriebssystem<br \/>\n&#8211; Webseite, von der aus Sie uns besuchen (Referrer URL)<br \/>\n&#8211; Webseite, die Sie besuchen<br \/>\n&#8211; Datum und Uhrzeit Ihres Zugriffs<br \/>\n&#8211; Ihre Internet Protokoll (IP)-Adresse.<br \/>\nDiese anonymen Daten werden getrennt von Ihren eventuell angegebenen personenbezogenen Daten gespeichert und lassen so keine R\u00fcckschl\u00fcsse auf eine bestimmte Person zu. Sie werden zu statistischen Zwecken ausgewertet, um unseren Internetauftritt und unsere Angebote optimieren zu k\u00f6nnen.<\/p>\n<h4>Einsatz von Google-Analytics mit Anonymisierungsfunktion<\/h4>\n<p>Wir setzen auf unserer Seite Google-Analytics, einen Webanalysedienst der Firma Google Inc., 1600 Amphitheatre Parkway, Mountain View, CA 94043 USA, nachfolgend \u201eGoogle\u201c ein. Google-Analytics verwendet sog. \u201eCookies\u201c, Textdateien, die auf Ihrem Computer gespeichert werden und hierdurch eine Analyse der Benutzung der Website durch Sie erm\u00f6glichen.<\/p>\n<p>Die durch diese Cookies erzeugten Informationen, beispielsweise Zeit, Ort und H\u00e4ufigkeit Ihres Webseiten-Besuchs einschlie\u00dflich Ihrer IP-Adresse, werden an Google in den USA \u00fcbertragen und dort gespeichert.<\/p>\n<p>Wir verwenden auf unserer Website Google-Analytics mit einer IP-Anonymisierungsfunktion. Ihre IP-Adresse wird in diesem Fall von Google schon innerhalb von Mitgliedstaaten der Europ\u00e4ischen Union oder in anderen Vertragsstaaten des Abkommens \u00fcber den Europ\u00e4ischen Wirtschaftsraum gek\u00fcrzt und dadurch anonymisiert.<\/p>\n<p>Google wird diese Informationen benutzen, um Ihre Nutzung unserer Seite auszuwerten, um Reports \u00fcber die Websiteaktivit\u00e4ten f\u00fcr uns zusammenzustellen und um weitere mit der Websitenutzung und der Internetnutzung verbundene Dienstleistungen zu erbringen. Auch wird Google diese Informationen gegebenenfalls an Dritte \u00fcbertragen, sofern dies gesetzlich vorgeschrieben oder soweit Dritte diese Daten im Auftrag von Google verarbeiten.<\/p>\n<p>Google wird, nach eigenen Angaben, in keinem Fall Ihre IP-Adresse mit anderen Daten von Google in Verbindung bringen. Sie k\u00f6nnen die Installation der Cookies durch eine entsprechende Einstellung Ihrer Browser-Software verhindern; wir weisen Sie jedoch darauf hin, dass Sie in diesem Fall gegebenenfalls nicht s\u00e4mtliche Funktionen unserer Website vollumf\u00e4nglich nutzen k\u00f6nnen.<\/p>\n<p>Des Weiteren bietet Google f\u00fcr die g\u00e4ngigsten Browser eine Deaktivierungsoption an, welche Ihnen mehr Kontrolle dar\u00fcber gibt, welche Daten von Google erfasst und verarbeitet werden. Sollte Sie diese Option aktivieren, werden keine Informationen zum Website-Besuch an Google Analytics \u00fcbermittelt. Die Aktivierung verhindert aber nicht, dass Informationen an uns oder an andere von uns gegebenenfalls eingesetzte Webanalyse-Services \u00fcbermittelt werden. Weitere Informationen zu der von Google bereitgestellten Deaktivierungsoption sowie zu der Aktivierung dieser Option, erhalten Sie \u00fcber nachfolgenden Link: <a href=\"https:\/\/tools.google.com\/dlpage\/gaoptout?hl=de\" target=\"_blank\" rel=\"nofollow noopener\">https:\/\/tools.google.com\/dlpage\/gaoptout?hl=de<\/a><\/p>\n<h4>Einsatz von Google-Maps<\/h4>\n<p>Wir setzen auf unserer Seite die Komponente &#8222;Google Maps&#8220; der Firma Google Inc., 1600 Amphitheatre Parkway, Mountain View, CA 94043 USA, nachfolgend \u201eGoogle\u201c, ein.<\/p>\n<p>Bei jedem einzelnen Aufruf der Komponente &#8222;Google Maps&#8220; wird von Google ein Cookie gesetzt, um bei der Anzeige der Seite, auf der die Komponente &#8222;Google Maps&#8220; integriert ist, Nutzereinstellungen und -daten zu verarbeiten. Dieses Cookie wird im Regelfall nicht durch das Schlie\u00dfen des Browsers gel\u00f6scht, sondern l\u00e4uft nach einer bestimmten Zeit ab, soweit es nicht von Ihnen zuvor manuell gel\u00f6scht wird.<\/p>\n<p>Wenn Sie mit dieser Verarbeitung Ihrer Daten nicht einverstanden sind, so besteht die M\u00f6glichkeit, den Service von &#8222;Google Maps&#8220; zu deaktivieren und auf diesem Weg die \u00dcbertragung von Daten an Google zu verhindern. Dazu m\u00fcssen Sie die Java-Script-Funktion in Ihrem Browser deaktivieren. Wir weisen Sie jedoch darauf hin, dass Sie in diesem Fall die &#8222;Google Maps&#8220; nicht oder nur eingeschr\u00e4nkt nutzen k\u00f6nnen.<\/p>\n<p>Die Nutzung von &#8222;Google Maps&#8220; und der \u00fcber &#8222;Google Maps&#8220; erlangten Informationen erfolgt gem\u00e4\u00df den\u00a0Google-Nutzungsbedingungen<\/p>\n<p><a href=\"http:\/\/www.google.de\/intl\/de\/policies\/terms\/regional.html\" target=\"_blank\" rel=\"nofollow noopener\">http:\/\/www.google.de\/intl\/de\/policies\/terms\/regional.html<\/a><\/p>\n<p>sowie der zus\u00e4tzlichen\u00a0Gesch\u00e4ftsbedingungen f\u00fcr \u201eGoogle Maps\u201c<\/p>\n<p><a href=\"https:\/\/www.google.com\/intl\/de_de\/help\/terms_maps.html\" target=\"_blank\" rel=\"nofollow noopener\">https:\/\/www.google.com\/intl\/de_de\/help\/terms_maps.html<\/a>.<\/p>\n<p>Einsatz von facebook-Komponenten<\/p>\n<p>Wir setzen auf unserer Seite Komponenten des Anbieters facebook.com ein. Facebook ist ein Service der facebook Inc., 1601 S. California Ave, Palo Alto, CA 94304, USA.<br \/>\nBei jedem einzelnen Abruf unserer Webseite, die mit einer solchen Komponente ausgestattet ist, veranlasst diese Komponente, dass der von Ihnen verwendete Browser eine entsprechende Darstellung der Komponente von facebook herunterl\u00e4dt. Durch diesen Vorgang wird facebook dar\u00fcber in Kenntnis gesetzt, welche konkrete Seite unserer Internetpr\u00e4senz gerade durch Sie besucht wird.<br \/>\nWenn Sie unsere Seite aufrufen und w\u00e4hrenddessen bei facebook eingeloggt sind, erkennt facebook durch die von der Komponente gesammelte Information, welche konkrete Seite Sie besuchen und ordnet diese Informationen Ihrem pers\u00f6nlichen Account auf facebook zu. Klicken Sie z.B. den \u00a0\u201eGef\u00e4llt mir\u201c-Button an oder geben Sie entsprechende Kommentare ab, werden diese Informationen an Ihr pers\u00f6nliches Benutzerkonto auf facebook \u00fcbermittelt und dort gespeichert. Dar\u00fcber hinaus wird die Information, dass Sie unsere Seite besucht haben, an facebook weiter gegeben. Dies geschieht unabh\u00e4ngig davon, ob Sie die Komponente anklicken oder nicht.<br \/>\nWenn Sie diese \u00dcbermittlung und Speicherung von Daten \u00fcber Sie und Ihr Verhalten auf unserer Webseite durch facebook unterbinden wollen, m\u00fcssen Sie sich bei facebook ausloggen und zwar bevor Sie unsere Seite besuchen. Die Datenschutzhinweise von facebook geben hierzu n\u00e4here Informationen, insbesondere zur Erhebung und Nutzung der Daten durch facebook, zu Ihren diesbez\u00fcglichen Rechten sowie zu den Einstellungsm\u00f6glichkeiten zum Schutz Ihrer Privatsph\u00e4re: <a href=\"https:\/\/de-de.facebook.com\/about\/privacy\/\" target=\"_blank\" rel=\"nofollow noopener\">https:\/\/de-de.facebook.com\/about\/privacy\/<\/a><br \/>\nEine \u00dcbersicht \u00fcber die Facebook-Plugins finden Sie unter <a href=\"https:\/\/developers.facebook.com\/docs\/plugins\/\" target=\"_blank\" rel=\"nofollow noopener\">https:\/\/developers.facebook.com\/docs\/plugins\/<\/a><\/p>\n<h4>Einsatz der Twitter-Empfehlungs-Komponenten<\/h4>\n<p>Wir setzen auf unserer Seite Komponenten des Anbieters Twitter ein. Twitter ist ein Service der Twitter Inc., 795 Folsom St., Suite 600, San Francisco, CA 94107, USA.<\/p>\n<p>Bei jedem einzelnen Abruf unserer Webseite, die mit einer solchen Komponente ausgestattet ist, veranlasst diese Komponente, dass der von Ihnen verwendete Browser eine entsprechende Darstellung der Komponente von Twitter herunterl\u00e4dt. Durch diesen Vorgang wird Twitter dar\u00fcber in Kenntnis gesetzt, welche konkrete Seite unserer Internetpr\u00e4senz gerade besucht wird.<br \/>\nWir haben weder Einfluss auf die Daten, die Twitter hierdurch erhebt, noch \u00fcber den Umfang dieser durch Twitter erhobenen Daten. Nach unserem Kenntnisstand wird von Twitter die URL der jeweiligen aufgerufenen Webseite sowie IP-Adresse des Nutzers erhoben, jedoch nicht f\u00fcr andere Zwecke, als die Darstellung der Twitter- Komponente, genutzt. Weitere Informationen hierzu finden sich in der Datenschutzerkl\u00e4rung von Twitter unter <a href=\"http:\/\/twitter.com\/privacy\" target=\"_blank\" rel=\"nofollow noopener\">http:\/\/twitter.com\/privacy<\/a>.<\/p>\n<p>Ihre Datenschutzeinstellungen k\u00f6nnen Sie in den Konto-Einstellungen unter <a href=\"http:\/\/twitter.com\/account\/settings\" target=\"_blank\" rel=\"nofollow noopener\">http:\/\/twitter.com\/account\/settings<\/a> \u00e4ndern.<\/p>\n<h4>Einsatz von YouTube-Komponenten mit erweitertem Datenschutzmodus<\/h4>\n<p>Auf unserer Webseite setzen wir Komponenten (Videos) des Unternehmens YouTube, LLC 901 Cherry Ave., 94066 San Bruno, CA, USA, einem Unternehmen der Google Inc., Amphitheatre Parkway, Mountain View, CA 94043, USA, ein.<\/p>\n<p>Hierbei nutzen wir die von YouTube zur Verf\u00fcgung gestellte Option &#8220; &#8211; erweiterter Datenschutzmodus &#8211; &#8222;.<\/p>\n<p>Wenn Sie eine Seite aufrufen, die \u00fcber ein eingebettetes Video verf\u00fcgt, wird eine Verbindung zu den YouTube-Servern hergestellt und dabei der Inhalt durch Mitteilung an Ihren Browser auf der Internetseite dargestellt.<\/p>\n<p>Laut den Angaben von YouTube werden im &#8220; &#8211; erweiterten Datenschutzmodus -&#8220; nur Daten an den YouTube-Server \u00fcbermittelt, insbesondere welche unserer Internetseiten Sie besucht haben, wenn Sie das Video anschauen. Sind Sie gleichzeitig bei YouTube eingeloggt, werden diese Informationen Ihrem Mitgliedskonto bei YouTube zugeordnet. Dies k\u00f6nnen Sie verhindern, indem Sie sich vor dem Besuch unserer Website von Ihrem Mitgliedskonto abmelden.<\/p>\n<p>Weitere Informationen zum Datenschutz von YouTube werden von Google unter dem folgenden Link bereitgestellt:<\/p>\n<p><a href=\"https:\/\/www.google.de\/intl\/de\/policies\/privacy\/\" target=\"_blank\" rel=\"nofollow noopener\">https:\/\/www.google.de\/intl\/de\/policies\/privacy\/<\/a><\/p>\n<h4>Einsatz von Pinterest<\/h4>\n<p>Wir setzen auf unserer Website den Dienst pinterest.com ein. Pinterest.com ist ein Service der Pinterest, Inc., 808 Brannan St, San Francisco, CA 94103, USA. Durch den eingebundenen \u201ePin it\u201c-Button auf unsere Seite erh\u00e4lt Pinterest die Information, dass Sie die entsprechende Seite unseres Internetauftritts aufgerufen haben. Sind Sie bei Pinterest eingeloggt, kann Pinterest diesen Besuch auf unserer Seite Ihrem Pinterest-Konto zuordnen und die Daten somit verkn\u00fcpfen. Die durch Anklicken des \u201ePin it\u201c-Buttons \u00fcbermittelten Daten werden von Pinterest gespeichert. Zu Zweck und Umfang der Datenerhebung, deren Verarbeitung und Nutzung sowie Ihren diesbez\u00fcglichen Rechten und Einstellungsm\u00f6glichkeiten zum Schutz Ihrer Privatsph\u00e4re erhalten Sie weitere Informationen in den Pinterest -Datenschutzhinweisen, die Sie \u00fcber <a href=\"http:\/\/pinterest.com\/about\/privacy\/\" target=\"_blank\" rel=\"nofollow noopener\">http:\/\/pinterest.com\/about\/privacy\/<\/a> abrufen k\u00f6nnen.<\/p>\n<p>Um zu verhindern, dass Pinterest den Besuch unserer Seite Ihrem Pinterest-Konto zuordnen kann, m\u00fcssen Sie sich vor dem Besuch unserer Seite von Ihrem Pinterest-Account abmelden.<\/p>\n<h4>Einsatz von Instagram<\/h4>\n<p>Wir setzen auf unserer Website den Dienst Instagram ein. Instagram ist ein Service der Instagram Inc. Durch den eingebundenen \u201eInsta\u201c-Button auf unsere Seite erh\u00e4lt Instagram die Information, dass Sie die entsprechende Seite unseres Internetauftritts aufgerufen haben. Sind Sie bei Instagram eingeloggt, kann Instagram diesen Besuch auf unserer Seite Ihrem Instagram -Konto zuordnen und die Daten somit verkn\u00fcpfen. Die durch Anklicken des \u201eInsta\u201c-Buttons \u00fcbermittelten Daten werden von Instagram gespeichert. Zu Zweck und Umfang der Datenerhebung, deren Verarbeitung und Nutzung sowie Ihren diesbez\u00fcglichen Rechten und Einstellungsm\u00f6glichkeiten zum Schutz Ihrer Privatsph\u00e4re erhalten Sie weitere Informationen in den Instagram -Datenschutzhinweisen, die Sie \u00fcber <a href=\"https:\/\/help.instagram.com\/155833707900388\" target=\"_blank\" rel=\"noopener\">https:\/\/help.instagram.com\/155833707900388<\/a> abrufen k\u00f6nnen.<\/p>\n<p>Um zu verhindern, dass Instagram den Besuch unserer Seite Ihrem Instagram-Konto zuordnen kann, m\u00fcssen Sie sich vor dem Besuch unserer Seite von Ihrem Instagram-Account abmelden.<\/p>\n<h4>Ver\u00f6ffentlichung von Stellenanzeigen \/ Online-Stellenbewerbungen<\/h4>\n<p>Ihre Bewerbungsdaten werden zum Zwecke der Abwicklung des Bewerbungsverfahrens elektronisch von uns erhoben und verarbeitet. Folgt auf Ihre Bewerbung der Abschluss eines Anstellungsvertrages, so k\u00f6nnen Ihre \u00fcbermittelten Daten zum Zwecke des \u00fcblichen Organisations- und Verwaltungsprozesses unter Beachtung der einschl\u00e4gigen rechtlichen Vorschriften von uns in Ihrer Personalakte gespeichert werden.<br \/>\nDie L\u00f6schung der von Ihnen \u00fcbermittelten Daten erfolgt bei Zur\u00fcckweisung Ihrer\u00a0 Stellenbewerbung automatisch zwei Monate nach Bekanntgabe der Zur\u00fcckweisung. Dies gilt nicht, wenn aufgrund gesetzlicher Erfordernisse (beispielsweise der Beweispflicht nach dem Allgemeinen Gleichbehandlungsgesetz) eine l\u00e4ngere Speicherung notwendig ist oder wenn Sie einer l\u00e4ngeren Speicherung in unserer Interessenten-Datenbank ausdr\u00fccklich zugestimmt haben.<\/p>\n<h4>Auskunft\/Widerruf\/L\u00f6schung<\/h4>\n<p>Sie k\u00f6nnen sich aufgrund des Bundesdatenschutzgesetzes bei Fragen zur Erhebung, Verarbeitung oder Nutzung Ihrer personenbezogenen Daten und deren Berichtigung, Sperrung, L\u00f6schung oder einem Widerruf einer erteilten Einwilligung unentgeltlich an uns wenden. Wir weisen darauf hin, dass Ihnen ein Recht auf Berichtigung falscher Daten oder L\u00f6schung personenbezogener Daten zusteht, sollte diesem Anspruch keine gesetzliche Aufbewahrungspflicht entgegenstehen.<\/p>\n<p><a href=\"https:\/\/www.ratgeberrecht.eu\/leistungen\/muster-datenschutzerklaerung.html\" target=\"_blank\" rel=\"noopener\">Muster-Datenschutzerkl\u00e4rung<\/a><\/p>\n<h2>HAFTUNGSAUSSCHLUSS (DISCLAIMER)<\/h2>\n<p>Trotz sorgf\u00e4ltiger inhaltlicher Kontrolle \u00fcbernehmen wir keine Haftung f\u00fcr die Inhalte externer Links. F\u00fcr den Inhalt der verlinkten Seiten sind ausschlie\u00dflich deren Betreiber verantwortlich.Alle hier verwendeten Namen, Begriffe, Zeichen und Grafiken k\u00f6nnen Marken- oder Warenzeichen im Besitze ihrer rechtlichen Eigent\u00fcmer sein. Die Rechte aller erw\u00e4hnten und benutzten Marken- und Warenzeichen liegen ausschlie\u00dflich bei deren Besitzern.<\/p>\n<p>1. Inhalt des Onlineangebotes<\/p>\n<p>Der Autor \u00fcbernimmt keinerlei Gew\u00e4hr f\u00fcr die Aktualit\u00e4t, Korrektheit, Vollst\u00e4ndigkeit oder Qualit\u00e4t der bereitgestellten Informationen. Haftungsanspr\u00fcche gegen den Autor, welche sich auf Sch\u00e4den materieller oder ideeller Art beziehen, die durch die Nutzung oder Nichtnutzung der dargebotenen Informationen bzw. durch die Nutzung fehlerhafter und unvollst\u00e4ndiger Informationen verursacht wurden, sind grunds\u00e4tzlich ausgeschlossen, sofern seitens des Autors kein nachweislich vors\u00e4tzliches oder grob fahrl\u00e4ssiges Verschulden vorliegt. Alle Angebote sind freibleibend und unverbindlich. Der Autor beh\u00e4lt es sich ausdr\u00fccklich vor, Teile der Seiten oder das gesamte Angebot ohne gesonderte Ank\u00fcndigung zu ver\u00e4ndern, zu erg\u00e4nzen, zu l\u00f6schen oder die Ver\u00f6ffentlichung zeitweise oder endg\u00fcltig einzustellen.<\/p>\n<p>2. Verweise und Links<\/p>\n<p>Bei direkten oder indirekten Verweisen auf fremde Webseiten (&#8222;Hyperlinks&#8220;), die au\u00dferhalb des Verantwortungsbereiches des Autors liegen, w\u00fcrde eine Haftungsverpflichtung ausschlie\u00dflich in dem Fall in Kraft treten, in dem der Autor von den Inhalten Kenntnis hat und es ihm technisch m\u00f6glich und zumutbar w\u00e4re, die Nutzung im Falle rechtswidriger Inhalte zu verhindern. Der Autor erkl\u00e4rt hiermit ausdr\u00fccklich, dass zum Zeitpunkt der Linksetzung keine illegalen Inhalte auf den zu verlinkenden Seiten erkennbar waren. Auf die aktuelle und zuk\u00fcnftige Gestaltung, die Inhalte oder die Urheberschaft der verlinkten\/verkn\u00fcpften Seiten hat der Autor keinerlei Einfluss. Deshalb distanziert er sich hiermit ausdr\u00fccklich von allen Inhalten aller verlinkten \/verkn\u00fcpften Seiten, die nach der Linksetzung ver\u00e4ndert wurden. Diese Feststellung gilt f\u00fcr alle innerhalb des eigenen Internetangebotes gesetzten Links und Verweise sowie f\u00fcr Fremdeintr\u00e4ge in vom Autor eingerichteten G\u00e4steb\u00fcchern, Diskussionsforen, Linkverzeichnissen, Mailinglisten und in allen anderen Formen von Datenbanken, auf deren Inhalt externe Schreibzugriffe m\u00f6glich sind. F\u00fcr illegale, fehlerhafte oder unvollst\u00e4ndige Inhalte und insbesondere f\u00fcr Sch\u00e4den, die aus der Nutzung oder Nichtnutzung solcherart dargebotener Informationen entstehen, haftet allein der Anbieter der Seite, auf welche verwiesen wurde, nicht derjenige, der \u00fcber Links auf die jeweilige Ver\u00f6ffentlichung lediglich verweist.<\/p>\n<p>3. Urheber- und Kennzeichenrecht<\/p>\n<p>Der Autor ist bestrebt, in allen Publikationen die Urheberrechte der verwendeten Bilder, Grafiken, Tondokumente, Videosequenzen und Texte zu beachten, von ihm selbst erstellte Bilder, Grafiken, Tondokumente, Videosequenzen und Texte zu nutzen oder auf lizenzfreie Grafiken, Tondokumente, Videosequenzen und Texte zur\u00fcckzugreifen. Alle innerhalb des Internetangebotes genannten und ggf. durch Dritte gesch\u00fctzten Marken- und Warenzeichen unterliegen uneingeschr\u00e4nkt den Bestimmungen des jeweils g\u00fcltigen Kennzeichenrechts und den Besitzrechten der jeweiligen eingetragenen Eigent\u00fcmer. Allein aufgrund der blo\u00dfen Nennung ist nicht der Schluss zu ziehen, dass Markenzeichen nicht durch Rechte Dritter gesch\u00fctzt sind! Das Copyright f\u00fcr ver\u00f6ffentlichte, vom Autor selbst erstellte Objekte bleibt allein beim Autor der Seiten. Eine Vervielf\u00e4ltigung oder Verwendung solcher Grafiken, Tondokumente, Videosequenzen und Texte in anderen elektronischen oder gedruckten Publikationen ist ohne ausdr\u00fcckliche Zustimmung des Autors nicht gestattet.<\/p>\n<p>4. Rechtswirksamkeit dieses Haftungsausschlusses<\/p>\n<p>Dieser Haftungsausschluss ist als Teil des Internetangebotes zu betrachten, von dem aus auf diese Seite verwiesen wurde. Sofern Teile oder einzelne Formulierungen dieses Textes der geltenden Rechtslage nicht, nicht mehr oder nicht vollst\u00e4ndig entsprechen sollten, bleiben die \u00fcbrigen Teile des Dokumentes in ihrem Inhalt und ihrer G\u00fcltigkeit davon unber\u00fchrt.<\/p>\n","protected":false},"excerpt":{"rendered":"<p>Mobile Tierarztpraxis Modrakowski Denise Modrakowski Elbeweg 6 01326 Dresden Kontakt Telefon:0176\/24706861 E-Mail: kontakt@tierarztpraxis-modrakowski.de Umsatzsteuer-ID 202\/250\/00736 Inhaber Denise Modrakowski Kammerzugeh\u00f6rigkeit S\u00e4chsische Landestier\u00e4rztekammer Sch\u00fctzenh\u00f6he 16 01099 Dresden Aufsichtsbeh\u00f6rde [bitte kassen\u00e4rztliche Vereinigung eintragen] Gesetzliche Berufsbezeichnung Tierarzt Staat der Verleihung der Berufsbezeichnung Bundesrepublik Deutschland Berufsrechtliche Regelung Berufsordnung f\u00fcr \u00c4rzte, zu finden auf www.bundestieraerztekammer.de &nbsp; Erkl\u00e4rung zum Datenschutz Die Nutzung&hellip;<\/p>\n","protected":false},"author":1,"featured_media":0,"parent":0,"menu_order":0,"comment_status":"closed","ping_status":"closed","template":"","meta":{"footnotes":""},"class_list":["post-67","page","type-page","status-publish","hentry"],"_links":{"self":[{"href":"https:\/\/akupunktur-tierarzt-dresden.de\/index.php\/wp-json\/wp\/v2\/pages\/67","targetHints":{"allow":["GET"]}}],"collection":[{"href":"https:\/\/akupunktur-tierarzt-dresden.de\/index.php\/wp-json\/wp\/v2\/pages"}],"about":[{"href":"https:\/\/akupunktur-tierarzt-dresden.de\/index.php\/wp-json\/wp\/v2\/types\/page"}],"author":[{"embeddable":true,"href":"https:\/\/akupunktur-tierarzt-dresden.de\/index.php\/wp-json\/wp\/v2\/users\/1"}],"replies":[{"embeddable":true,"href":"https:\/\/akupunktur-tierarzt-dresden.de\/index.php\/wp-json\/wp\/v2\/comments?post=67"}],"version-history":[{"count":3,"href":"https:\/\/akupunktur-tierarzt-dresden.de\/index.php\/wp-json\/wp\/v2\/pages\/67\/revisions"}],"predecessor-version":[{"id":93,"href":"https:\/\/akupunktur-tierarzt-dresden.de\/index.php\/wp-json\/wp\/v2\/pages\/67\/revisions\/93"}],"wp:attachment":[{"href":"https:\/\/akupunktur-tierarzt-dresden.de\/index.php\/wp-json\/wp\/v2\/media?parent=67"}],"curies":[{"name":"wp","href":"https:\/\/api.w.org\/{rel}","templated":true}]}}